{"id":859,"date":"2019-11-26T14:16:53","date_gmt":"2019-11-26T13:16:53","guid":{"rendered":"https:\/\/www.investinclm.com\/?page_id=859\/"},"modified":"2019-11-26T14:16:53","modified_gmt":"2019-11-26T13:16:53","slug":"newsletter-third-edition-javier-rosell","status":"publish","type":"page","link":"https:\/\/www.investinclm.com\/en\/newsletter-third-edition-javier-rosell\/","title":{"rendered":"Newsletter third edition Javier Rosell"},"content":{"rendered":"[vc_row type=&#8221;in_container&#8221; full_screen_row_position=&#8221;middle&#8221; column_margin=&#8221;default&#8221; scene_position=&#8221;center&#8221; text_color=&#8221;dark&#8221; text_align=&#8221;left&#8221; overlay_strength=&#8221;0.3&#8243; shape_divider_position=&#8221;bottom&#8221; bg_image_animation=&#8221;none&#8221;][vc_column column_padding=&#8221;no-extra-padding&#8221; column_padding_position=&#8221;all&#8221; background_color_opacity=&#8221;1&#8243; background_hover_color_opacity=&#8221;1&#8243; column_link_target=&#8221;_self&#8221; column_shadow=&#8221;none&#8221; column_border_radius=&#8221;none&#8221; width=&#8221;1\/1&#8243; tablet_width_inherit=&#8221;default&#8221; tablet_text_alignment=&#8221;default&#8221; phone_text_alignment=&#8221;default&#8221; overlay_strength=&#8221;0.3&#8243; column_border_width=&#8221;none&#8221; column_border_style=&#8221;solid&#8221; bg_image_animation=&#8221;none&#8221;][vc_column_text]\r\n<h2>Newsletter third edition Javier Rosell<\/h2>\r\n<div>\u00a0<\/div>\r\n<div class=\"nota-prensa-titulo\" align=\"justify\"><span style=\"font-size: 16px;\">New edition of the Invest In CLM Newsletter<\/span><\/div>\r\n<div class=\"nota-prensa-parrafo\" align=\"justify\">Dear readers,<\/div>\r\n<div class=\"nota-prensa-parrafo\" align=\"justify\"><img loading=\"lazy\" decoding=\"async\" class=\"alignright wp-image-812 \" style=\"float: right; clear: both; margin-left: 15px; margin-bottom: 15px;\" src=\"https:\/\/www.investinclm.com\/wp-content\/uploads\/2019\/11\/Foto_DG_Empresas_2019-253x300.jpg\" width=\"220\" height=\"266\" border=\"0\" \/>I would like to welcome you to the third INVEST IN CASTILLA-LA MANCHA &#8211; IPEX newsletter, where we reiterate the commitment of the Ministry of Economy, Business and Employment, through the Institute of Foreign Promotion of Castilla-La Mancha, with the acquisition of foreign investments in our region.<\/div>\r\n<div class=\"nota-prensa-parrafo\" align=\"justify\">Both our President, Emiliano Garc\u00eda-Page S\u00e1nchez, and our Minister of Economy, Business and Employment, Patricia Franco Jim\u00e9nez, have highlighted in the previous editions the attractions of our region as a destination for foreign investments, with our community registering an increase of 69.4% in these investments in absolute terms in the last year, which places us as the sixth fastest growing autonomous community.<\/div>\r\n<div class=\"nota-prensa-parrafo\" align=\"justify\">Our region offers several reasons to invest in it, including its strategic location, its competitive workforce, modern infrastructure and the wide availability of industrial land prepared for the rapid implementation of new companies and for expanding the productive capacity of companies that are already installed in our territory. It is also worth mentioning the policies offered by our Government in relation to supporting the promotion of employment and training.<\/div>\r\n<div class=\"nota-prensa-parrafo\" align=\"justify\">These reasons indicate why foreign companies invest in our community and the increase of reinvestment projects. Some relevant examples are the German company <i>BASF<\/i>, which has opened a training center in its Cabanillas del Campo center or the <i>FM Logistic group<\/i>, which will expand its logistics platform in Illescas and, consequently, will move its headquarters.<\/div>\r\n<div class=\"nota-prensa-parrafo\" align=\"justify\">Similarly, it should be noted that the Government of Castilla-La Mancha is already working on the new 2020-2023 Plan which is due to be implemented in January, and will update the business support initiative that was launched for 2016-2019, in which internationalization occupies a central role and that set up a business strengthening strategy, being decisively committed to attracting foreign investment business projects.<\/div>\r\n<div class=\"nota-prensa-parrafo\" align=\"justify\">Finally, I would like to announce the launch of the improved website <a href=\"https:\/\/investinclm.com\" target=\"_blank\" rel=\"noopener noreferrer\">www.investinclm.com<\/a>, that seeks to improve the online positioning of Castilla-La Mancha as an investment destination while collecting and expanding on all the relevant information for companies looking to move here on one site, from the availability of industrial land to information on grants and incentives. This website we will also include news about our region in terms of attracting investments, with information on actions such as that recently made during the Anuga Fair in Germany or the upcoming presentations planned in Mexico City and Monterrey this November.<br \/>I hope you find the information in this newsletter to be of interest, which values the potential of our region for all the initiatives that can be carried out, added to the absolute availability of our government to help them set up their business in out region.<\/div>\r\n<div class=\"nota-prensa-parrafo\" align=\"justify\">Yours,<\/div>\r\n<div class=\"nota-prensa-parrafo\" align=\"justify\"><strong>Javier Rosell P\u00e9rez<br \/>Director General of Companies<\/strong><\/div>\r\n\r\n<div class=\"nota-prensa-parrafo\">\u00a0<\/div>\r\n[\/vc_column_text][\/vc_column][\/vc_row]","protected":false},"excerpt":{"rendered":"<p>[vc_row type=&#8221;in_container&#8221; full_screen_row_position=&#8221;middle&#8221; column_margin=&#8221;default&#8221; scene_position=&#8221;center&#8221; text_color=&#8221;dark&#8221; text_align=&#8221;left&#8221; overlay_strength=&#8221;0.3&#8243; shape_divider_position=&#8221;bottom&#8221; bg_image_animation=&#8221;none&#8221;][vc_column column_padding=&#8221;no-extra-padding&#8221; column_padding_position=&#8221;all&#8221; background_color_opacity=&#8221;1&#8243; background_hover_color_opacity=&#8221;1&#8243; column_link_target=&#8221;_self&#8221; column_shadow=&#8221;none&#8221; column_border_radius=&#8221;none&#8221; width=&#8221;1\/1&#8243; tablet_width_inherit=&#8221;default&#8221; tablet_text_alignment=&#8221;default&#8221; phone_text_alignment=&#8221;default&#8221; overlay_strength=&#8221;0.3&#8243; column_border_width=&#8221;none&#8221; column_border_style=&#8221;solid&#8221; bg_image_animation=&#8221;none&#8221;][vc_column_text] Newsletter third edition Javier Rosell&#8230;<\/p>\n","protected":false},"author":2,"featured_media":0,"parent":0,"menu_order":0,"comment_status":"closed","ping_status":"closed","template":"","meta":{"footnotes":""},"class_list":["post-859","page","type-page","status-publish"],"yoast_head":"<!-- This site is optimized with the Yoast SEO plugin v27.4 - https:\/\/yoast.com\/product\/yoast-seo-wordpress\/ -->\n<title>Newsletter third edition Javier Rosell - Invest In CLM<\/title>\n<meta name=\"robots\" content=\"index, follow, max-snippet:-1, max-image-preview:large, max-video-preview:-1\" \/>\n<link rel=\"canonical\" href=\"https:\/\/www.investinclm.com\/en\/newsletter-third-edition-javier-rosell\/\" \/>\n<meta property=\"og:locale\" content=\"en_US\" \/>\n<meta property=\"og:type\" content=\"article\" \/>\n<meta property=\"og:title\" content=\"Newsletter third edition Javier Rosell - Invest In CLM\" \/>\n<meta property=\"og:description\" content=\"[vc_row type=&#8221;in_container&#8221; full_screen_row_position=&#8221;middle&#8221; column_margin=&#8221;default&#8221; scene_position=&#8221;center&#8221; text_color=&#8221;dark&#8221; text_align=&#8221;left&#8221; overlay_strength=&#8221;0.3&#8243; shape_divider_position=&#8221;bottom&#8221; bg_image_animation=&#8221;none&#8221;][vc_column column_padding=&#8221;no-extra-padding&#8221; column_padding_position=&#8221;all&#8221; background_color_opacity=&#8221;1&#8243; background_hover_color_opacity=&#8221;1&#8243; column_link_target=&#8221;_self&#8221; column_shadow=&#8221;none&#8221; column_border_radius=&#8221;none&#8221; width=&#8221;1\/1&#8243; tablet_width_inherit=&#8221;default&#8221; tablet_text_alignment=&#8221;default&#8221; phone_text_alignment=&#8221;default&#8221; overlay_strength=&#8221;0.3&#8243; column_border_width=&#8221;none&#8221; column_border_style=&#8221;solid&#8221; bg_image_animation=&#8221;none&#8221;][vc_column_text] Newsletter third edition Javier Rosell...\" \/>\n<meta property=\"og:url\" content=\"https:\/\/www.investinclm.com\/en\/newsletter-third-edition-javier-rosell\/\" \/>\n<meta property=\"og:site_name\" content=\"Invest In CLM\" \/>\n<meta property=\"og:image\" content=\"https:\/\/www.investinclm.com\/wp-content\/uploads\/2019\/11\/Foto_DG_Empresas_2019-253x300.jpg\" \/>\n<meta name=\"twitter:card\" content=\"summary_large_image\" \/>\n<meta name=\"twitter:label1\" content=\"Est. reading time\" \/>\n\t<meta name=\"twitter:data1\" content=\"3 minutes\" \/>\n<script type=\"application\/ld+json\" class=\"yoast-schema-graph\">{\"@context\":\"https:\\\/\\\/schema.org\",\"@graph\":[{\"@type\":\"WebPage\",\"@id\":\"https:\\\/\\\/www.investinclm.com\\\/en\\\/newsletter-third-edition-javier-rosell\\\/\",\"url\":\"https:\\\/\\\/www.investinclm.com\\\/en\\\/newsletter-third-edition-javier-rosell\\\/\",\"name\":\"Newsletter third edition Javier Rosell - Invest In CLM\",\"isPartOf\":{\"@id\":\"https:\\\/\\\/www.investinclm.com\\\/en\\\/#website\"},\"primaryImageOfPage\":{\"@id\":\"https:\\\/\\\/www.investinclm.com\\\/en\\\/newsletter-third-edition-javier-rosell\\\/#primaryimage\"},\"image\":{\"@id\":\"https:\\\/\\\/www.investinclm.com\\\/en\\\/newsletter-third-edition-javier-rosell\\\/#primaryimage\"},\"thumbnailUrl\":\"https:\\\/\\\/www.investinclm.com\\\/wp-content\\\/uploads\\\/2019\\\/11\\\/Foto_DG_Empresas_2019-253x300.jpg\",\"datePublished\":\"2019-11-26T13:16:53+00:00\",\"breadcrumb\":{\"@id\":\"https:\\\/\\\/www.investinclm.com\\\/en\\\/newsletter-third-edition-javier-rosell\\\/#breadcrumb\"},\"inLanguage\":\"en-US\",\"potentialAction\":[{\"@type\":\"ReadAction\",\"target\":[\"https:\\\/\\\/www.investinclm.com\\\/en\\\/newsletter-third-edition-javier-rosell\\\/\"]}]},{\"@type\":\"ImageObject\",\"inLanguage\":\"en-US\",\"@id\":\"https:\\\/\\\/www.investinclm.com\\\/en\\\/newsletter-third-edition-javier-rosell\\\/#primaryimage\",\"url\":\"https:\\\/\\\/www.investinclm.com\\\/wp-content\\\/uploads\\\/2019\\\/11\\\/Foto_DG_Empresas_2019-253x300.jpg\",\"contentUrl\":\"https:\\\/\\\/www.investinclm.com\\\/wp-content\\\/uploads\\\/2019\\\/11\\\/Foto_DG_Empresas_2019-253x300.jpg\"},{\"@type\":\"BreadcrumbList\",\"@id\":\"https:\\\/\\\/www.investinclm.com\\\/en\\\/newsletter-third-edition-javier-rosell\\\/#breadcrumb\",\"itemListElement\":[{\"@type\":\"ListItem\",\"position\":1,\"name\":\"Invierte en CLM\",\"item\":\"https:\\\/\\\/www.investinclm.com\\\/en\\\/\"},{\"@type\":\"ListItem\",\"position\":2,\"name\":\"Newsletter third edition Javier Rosell\"}]},{\"@type\":\"WebSite\",\"@id\":\"https:\\\/\\\/www.investinclm.com\\\/en\\\/#website\",\"url\":\"https:\\\/\\\/www.investinclm.com\\\/en\\\/\",\"name\":\"Invest In CLM\",\"description\":\"Invierte en Castilla-La Mancha\",\"potentialAction\":[{\"@type\":\"SearchAction\",\"target\":{\"@type\":\"EntryPoint\",\"urlTemplate\":\"https:\\\/\\\/www.investinclm.com\\\/en\\\/?s={search_term_string}\"},\"query-input\":{\"@type\":\"PropertyValueSpecification\",\"valueRequired\":true,\"valueName\":\"search_term_string\"}}],\"inLanguage\":\"en-US\"}]}<\/script>\n<!-- \/ Yoast SEO plugin. -->","yoast_head_json":{"title":"Newsletter third edition Javier Rosell - Invest In CLM","robots":{"index":"index","follow":"follow","max-snippet":"max-snippet:-1","max-image-preview":"max-image-preview:large","max-video-preview":"max-video-preview:-1"},"canonical":"https:\/\/www.investinclm.com\/en\/newsletter-third-edition-javier-rosell\/","og_locale":"en_US","og_type":"article","og_title":"Newsletter third edition Javier Rosell - Invest In CLM","og_description":"[vc_row type=&#8221;in_container&#8221; full_screen_row_position=&#8221;middle&#8221; column_margin=&#8221;default&#8221; scene_position=&#8221;center&#8221; text_color=&#8221;dark&#8221; text_align=&#8221;left&#8221; overlay_strength=&#8221;0.3&#8243; shape_divider_position=&#8221;bottom&#8221; bg_image_animation=&#8221;none&#8221;][vc_column column_padding=&#8221;no-extra-padding&#8221; column_padding_position=&#8221;all&#8221; background_color_opacity=&#8221;1&#8243; background_hover_color_opacity=&#8221;1&#8243; column_link_target=&#8221;_self&#8221; column_shadow=&#8221;none&#8221; column_border_radius=&#8221;none&#8221; width=&#8221;1\/1&#8243; tablet_width_inherit=&#8221;default&#8221; tablet_text_alignment=&#8221;default&#8221; phone_text_alignment=&#8221;default&#8221; overlay_strength=&#8221;0.3&#8243; column_border_width=&#8221;none&#8221; column_border_style=&#8221;solid&#8221; bg_image_animation=&#8221;none&#8221;][vc_column_text] Newsletter third edition Javier Rosell...","og_url":"https:\/\/www.investinclm.com\/en\/newsletter-third-edition-javier-rosell\/","og_site_name":"Invest In CLM","og_image":[{"url":"https:\/\/www.investinclm.com\/wp-content\/uploads\/2019\/11\/Foto_DG_Empresas_2019-253x300.jpg","type":"","width":"","height":""}],"twitter_card":"summary_large_image","twitter_misc":{"Est. reading time":"3 minutes"},"schema":{"@context":"https:\/\/schema.org","@graph":[{"@type":"WebPage","@id":"https:\/\/www.investinclm.com\/en\/newsletter-third-edition-javier-rosell\/","url":"https:\/\/www.investinclm.com\/en\/newsletter-third-edition-javier-rosell\/","name":"Newsletter third edition Javier Rosell - Invest In CLM","isPartOf":{"@id":"https:\/\/www.investinclm.com\/en\/#website"},"primaryImageOfPage":{"@id":"https:\/\/www.investinclm.com\/en\/newsletter-third-edition-javier-rosell\/#primaryimage"},"image":{"@id":"https:\/\/www.investinclm.com\/en\/newsletter-third-edition-javier-rosell\/#primaryimage"},"thumbnailUrl":"https:\/\/www.investinclm.com\/wp-content\/uploads\/2019\/11\/Foto_DG_Empresas_2019-253x300.jpg","datePublished":"2019-11-26T13:16:53+00:00","breadcrumb":{"@id":"https:\/\/www.investinclm.com\/en\/newsletter-third-edition-javier-rosell\/#breadcrumb"},"inLanguage":"en-US","potentialAction":[{"@type":"ReadAction","target":["https:\/\/www.investinclm.com\/en\/newsletter-third-edition-javier-rosell\/"]}]},{"@type":"ImageObject","inLanguage":"en-US","@id":"https:\/\/www.investinclm.com\/en\/newsletter-third-edition-javier-rosell\/#primaryimage","url":"https:\/\/www.investinclm.com\/wp-content\/uploads\/2019\/11\/Foto_DG_Empresas_2019-253x300.jpg","contentUrl":"https:\/\/www.investinclm.com\/wp-content\/uploads\/2019\/11\/Foto_DG_Empresas_2019-253x300.jpg"},{"@type":"BreadcrumbList","@id":"https:\/\/www.investinclm.com\/en\/newsletter-third-edition-javier-rosell\/#breadcrumb","itemListElement":[{"@type":"ListItem","position":1,"name":"Invierte en CLM","item":"https:\/\/www.investinclm.com\/en\/"},{"@type":"ListItem","position":2,"name":"Newsletter third edition Javier Rosell"}]},{"@type":"WebSite","@id":"https:\/\/www.investinclm.com\/en\/#website","url":"https:\/\/www.investinclm.com\/en\/","name":"Invest In CLM","description":"Invierte en Castilla-La Mancha","potentialAction":[{"@type":"SearchAction","target":{"@type":"EntryPoint","urlTemplate":"https:\/\/www.investinclm.com\/en\/?s={search_term_string}"},"query-input":{"@type":"PropertyValueSpecification","valueRequired":true,"valueName":"search_term_string"}}],"inLanguage":"en-US"}]}},"_links":{"self":[{"href":"https:\/\/www.investinclm.com\/en\/wp-json\/wp\/v2\/pages\/859","targetHints":{"allow":["GET"]}}],"collection":[{"href":"https:\/\/www.investinclm.com\/en\/wp-json\/wp\/v2\/pages"}],"about":[{"href":"https:\/\/www.investinclm.com\/en\/wp-json\/wp\/v2\/types\/page"}],"author":[{"embeddable":true,"href":"https:\/\/www.investinclm.com\/en\/wp-json\/wp\/v2\/users\/2"}],"replies":[{"embeddable":true,"href":"https:\/\/www.investinclm.com\/en\/wp-json\/wp\/v2\/comments?post=859"}],"version-history":[{"count":3,"href":"https:\/\/www.investinclm.com\/en\/wp-json\/wp\/v2\/pages\/859\/revisions"}],"predecessor-version":[{"id":863,"href":"https:\/\/www.investinclm.com\/en\/wp-json\/wp\/v2\/pages\/859\/revisions\/863"}],"wp:attachment":[{"href":"https:\/\/www.investinclm.com\/en\/wp-json\/wp\/v2\/media?parent=859"}],"curies":[{"name":"wp","href":"https:\/\/api.w.org\/{rel}","templated":true}]}}